{"id":7,"date":"2023-01-11T11:35:59","date_gmt":"2023-01-11T11:35:59","guid":{"rendered":"https:\/\/www.vastaranta.net\/himmeli\/?page_id=7"},"modified":"2023-01-11T11:57:49","modified_gmt":"2023-01-11T11:57:49","slug":"historiaa","status":"publish","type":"page","link":"https:\/\/www.vastaranta.net\/himmeli\/historiaa\/","title":{"rendered":"Historiaa"},"content":{"rendered":"\n<p><\/p>\n\n\n\n<figure class=\"wp-block-image size-full\"><img loading=\"lazy\" decoding=\"async\" width=\"644\" height=\"308\" src=\"https:\/\/www.vastaranta.net\/himmeli\/wp-content\/uploads\/2023\/01\/himmelit.jpg\" alt=\"\" class=\"wp-image-33\" srcset=\"https:\/\/www.vastaranta.net\/himmeli\/wp-content\/uploads\/2023\/01\/himmelit.jpg 644w, https:\/\/www.vastaranta.net\/himmeli\/wp-content\/uploads\/2023\/01\/himmelit-300x143.jpg 300w\" sizes=\"auto, (max-width: 644px) 100vw, 644px\" \/><\/figure>\n\n\n\n<p>Himmeli on perinteisesti rukiinoljen p\u00e4tkist\u00e4 koottu, tavallisesti perusmuodoiltaan pyramidimainen rakennelma, joka ripustetaan joulukoristeeksi kattoon.<\/p>\n\n\n\n<p>Himmeli\u00e4 on pidetty alkuper\u00e4lt\u00e4\u00e4n suomalaisena koristeena, mutta oikeastaan se juontaa juurensa muualta pohjois- ja keskieuroopasta. Himmelin nimikin tulee ruotsin sanasta \u201dhimmel\u201d, joka tarkoittaa taivasta. Suomessa himmeleit\u00e4 esiintyi ensin Lounais-Suomen vanhoilla asumisalueilla, josta ne my\u00f6hemmin levisiv\u00e4t aina Karjalaan ja Oulun korkeudelle asti. Tiett\u00e4v\u00e4sti idea himmeliin on tullut kirkkojen kynttil\u00e4kruunuista. Ihmiset n\u00e4kiv\u00e4t niit\u00e4 kirkkomatkoillaan ja alkoivat sommitella oljista samantyylisi\u00e4 koristeita.<\/p>\n\n\n\n<p>Himmelin ollessa nykyajan ihmisille vain perinteinen joulukoriste oli se ennen hyv\u00e4n sadon takaava onnenkalu. Jouluna tuvan kattoon ripustetun himmelin koolla oli my\u00f6s merkityst\u00e4: isommalla himmelilll\u00e4 uskottiin saatavan isomman sadon. Satoa taattiin ripustamalla himmeleit\u00e4 my\u00f6s toisiin huoneisiin tai pit\u00e4m\u00e4ll\u00e4 sit\u00e4 katossa aina juhannukseen saakka.<\/p>\n\n\n\n<p>Valmistus kuului ennen aina nuorison, erityisesti tytt\u00f6jen, jouluaskareisiin. Hollolan seudulla tyt\u00f6t meniv\u00e4t rakentamaan himmeleit\u00e4 saunomisen j\u00e4lkeen saunaan, jossa kosteus ja l\u00e4mp\u00f6 tekiv\u00e4t oljet k\u00e4sittelykelpoisiksi. Kyl\u00e4n nuoret miehet liittyiv\u00e4t seuraan ja n\u00e4in tekoon liittyi my\u00f6s kyl\u00e4n nuorison seurustelutapoja.<\/p>\n\n\n\n<p>Nykyiset himmelit ovat selkeit\u00e4, pelk\u00e4st\u00e4\u00e4n oljista koottuja koristuksia, kun taas ennen himmelit koristeltiin paperikukin, munankuorin, villatilkuin, paperisuikailein, rukiint\u00e4hkin ja peilinpaloin. Eroa oli my\u00f6s oljen laadussa. Himmeleihin ripustettiin tuohuksen avulla kynttil\u00f6it\u00e4, joten oljen tuli olla paksua, jotta himmelist\u00e4 saatiin riitt\u00e4v\u00e4n vahva kest\u00e4\u00e4kseen koristeiden painon. Himmeli\u00e4 k\u00e4ytettiin ajoittain my\u00f6s h\u00e4\u00e4juhlan koristeena, jolloin se oli koristeltu n\u00e4ytt\u00e4v\u00e4sti peilinpaloin ja paperisuikalein.<\/p>\n\n\n\n<p>Joulukuusen rantautuessa Suomeen 1800-luvulla alkoivat himmelien tekotavat unohtua. 1930- ja 1940-luvuilla alkoivat naisj\u00e4rjest\u00f6t levitt\u00e4\u00e4 himmelien teko-ohjeita siin\u00e4 toivossa, ett\u00e4 vanha perinteinen koriste saataisiin paikalle, jonne se aikoinaan kuului. N\u00e4iss\u00e4 uusissa ohjeissa ei k\u00e4ytetty ollenkaan lis\u00e4koristeita, joten nykyihmiset vieroksuvat t\u00e4t\u00e4 vanhaa tyyli\u00e4 koristella himmelit.<\/p>\n\n\n\n<p>Entisaikaan himmeli uusittiin aina joka jouluksi, kun taas nykyisin himmelit pakataan huolella ja k\u00e4sitell\u00e4\u00e4n varoen, jotta ne s\u00e4ilyisiv\u00e4t aina vuodesta toiseen tuomaan iloa jouluun. Himmeli\u00e4 ei ole kuitenkaan periaatteessa sidottu mihink\u00e4\u00e4n vuodenaikaan , joten sit\u00e4 voi pit\u00e4\u00e4 esill\u00e4 milloin tahansa, ik\u00e4\u00e4n kuin huoneen koruna.<\/p>\n","protected":false},"excerpt":{"rendered":"<p>Himmeli on perinteisesti rukiinoljen p\u00e4tkist\u00e4 koottu, tavallisesti perusmuodoiltaan pyramidimainen rakennelma, joka ripustetaan joulukoristeeksi kattoon. Himmeli\u00e4 on pidetty alkuper\u00e4lt\u00e4\u00e4n suomalaisena koristeena, mutta oikeastaan se juontaa juurensa muualta pohjois- ja keskieuroopasta. Himmelin nimikin tulee ruotsin sanasta \u201dhimmel\u201d, joka tarkoittaa taivasta. Suomessa himmeleit\u00e4 esiintyi ensin Lounais-Suomen vanhoilla asumisalueilla, josta ne my\u00f6hemmin levisiv\u00e4t aina Karjalaan ja Oulun korkeudelle asti&#8230;.<\/p>\n","protected":false},"author":1,"featured_media":0,"parent":0,"menu_order":0,"comment_status":"closed","ping_status":"closed","template":"","meta":{"_kad_post_transparent":"","_kad_post_title":"","_kad_post_layout":"","_kad_post_sidebar_id":"","_kad_post_content_style":"","_kad_post_vertical_padding":"","_kad_post_feature":"","_kad_post_feature_position":"","_kad_post_header":false,"_kad_post_footer":false,"footnotes":""},"class_list":["post-7","page","type-page","status-publish","hentry"],"_links":{"self":[{"href":"https:\/\/www.vastaranta.net\/himmeli\/wp-json\/wp\/v2\/pages\/7","targetHints":{"allow":["GET"]}}],"collection":[{"href":"https:\/\/www.vastaranta.net\/himmeli\/wp-json\/wp\/v2\/pages"}],"about":[{"href":"https:\/\/www.vastaranta.net\/himmeli\/wp-json\/wp\/v2\/types\/page"}],"author":[{"embeddable":true,"href":"https:\/\/www.vastaranta.net\/himmeli\/wp-json\/wp\/v2\/users\/1"}],"replies":[{"embeddable":true,"href":"https:\/\/www.vastaranta.net\/himmeli\/wp-json\/wp\/v2\/comments?post=7"}],"version-history":[{"count":3,"href":"https:\/\/www.vastaranta.net\/himmeli\/wp-json\/wp\/v2\/pages\/7\/revisions"}],"predecessor-version":[{"id":34,"href":"https:\/\/www.vastaranta.net\/himmeli\/wp-json\/wp\/v2\/pages\/7\/revisions\/34"}],"wp:attachment":[{"href":"https:\/\/www.vastaranta.net\/himmeli\/wp-json\/wp\/v2\/media?parent=7"}],"curies":[{"name":"wp","href":"https:\/\/api.w.org\/{rel}","templated":true}]}}