{"id":17,"date":"2023-01-11T11:47:01","date_gmt":"2023-01-11T11:47:01","guid":{"rendered":"https:\/\/www.vastaranta.net\/himmeli\/?page_id=17"},"modified":"2023-01-11T11:56:40","modified_gmt":"2023-01-11T11:56:40","slug":"etusivu","status":"publish","type":"page","link":"https:\/\/www.vastaranta.net\/himmeli\/","title":{"rendered":"Etusivu"},"content":{"rendered":"\n<figure class=\"wp-block-image size-full\"><img loading=\"lazy\" decoding=\"async\" width=\"644\" height=\"308\" src=\"https:\/\/www.vastaranta.net\/himmeli\/wp-content\/uploads\/2023\/01\/kansi.jpg\" alt=\"\" class=\"wp-image-30\" srcset=\"https:\/\/www.vastaranta.net\/himmeli\/wp-content\/uploads\/2023\/01\/kansi.jpg 644w, https:\/\/www.vastaranta.net\/himmeli\/wp-content\/uploads\/2023\/01\/kansi-300x143.jpg 300w\" sizes=\"auto, (max-width: 644px) 100vw, 644px\" \/><\/figure>\n\n\n\n<p>N\u00e4m\u00e4 sivut valmistuivat alun perin marraskuussa 2003 opinn\u00e4ytety\u00f6n\u00e4ni Espoon tekniikan alan oppilaitoksen audiovisuaalisen viestinn\u00e4n osastolla. Siihen aikaan ei himmelist\u00e4 l\u00f6ytynyt tietoa kuin muutamista kirjoista ja netist\u00e4 ei niink\u00e4\u00e4n mit\u00e4\u00e4n. Nykyisin tietoutta on paremmin saatavilla mutta edelleen n\u00e4m\u00e4 sivut ovat pysyneet yll\u00e4tt\u00e4v\u00e4n suosittuina. Vuosien aikana ulkoasu on jo pari kertaa muuttunut mutta perusidea on pysynyt samana.<\/p>\n\n\n\n<p>Oskari Kiiski<\/p>\n\n\n\n<p>L\u00e4hteet:<br>Olkity\u00f6t \/ Eevi Lind\u00e9n, Tuulikki Talvitie<br>Himmeli \/ Sein\u00e4joen kalevalaiset naiset r.y<\/p>\n","protected":false},"excerpt":{"rendered":"<p>N\u00e4m\u00e4 sivut valmistuivat alun perin marraskuussa 2003 opinn\u00e4ytety\u00f6n\u00e4ni Espoon tekniikan alan oppilaitoksen audiovisuaalisen viestinn\u00e4n osastolla. Siihen aikaan ei himmelist\u00e4 l\u00f6ytynyt tietoa kuin muutamista kirjoista ja netist\u00e4 ei niink\u00e4\u00e4n mit\u00e4\u00e4n. Nykyisin tietoutta on paremmin saatavilla mutta edelleen n\u00e4m\u00e4 sivut ovat pysyneet yll\u00e4tt\u00e4v\u00e4n suosittuina. Vuosien aikana ulkoasu on jo pari kertaa muuttunut mutta perusidea on pysynyt samana&#8230;.<\/p>\n","protected":false},"author":1,"featured_media":0,"parent":0,"menu_order":0,"comment_status":"closed","ping_status":"closed","template":"","meta":{"_kad_post_transparent":"","_kad_post_title":"","_kad_post_layout":"","_kad_post_sidebar_id":"","_kad_post_content_style":"","_kad_post_vertical_padding":"","_kad_post_feature":"","_kad_post_feature_position":"","_kad_post_header":false,"_kad_post_footer":false,"footnotes":""},"class_list":["post-17","page","type-page","status-publish","hentry"],"_links":{"self":[{"href":"https:\/\/www.vastaranta.net\/himmeli\/wp-json\/wp\/v2\/pages\/17","targetHints":{"allow":["GET"]}}],"collection":[{"href":"https:\/\/www.vastaranta.net\/himmeli\/wp-json\/wp\/v2\/pages"}],"about":[{"href":"https:\/\/www.vastaranta.net\/himmeli\/wp-json\/wp\/v2\/types\/page"}],"author":[{"embeddable":true,"href":"https:\/\/www.vastaranta.net\/himmeli\/wp-json\/wp\/v2\/users\/1"}],"replies":[{"embeddable":true,"href":"https:\/\/www.vastaranta.net\/himmeli\/wp-json\/wp\/v2\/comments?post=17"}],"version-history":[{"count":3,"href":"https:\/\/www.vastaranta.net\/himmeli\/wp-json\/wp\/v2\/pages\/17\/revisions"}],"predecessor-version":[{"id":32,"href":"https:\/\/www.vastaranta.net\/himmeli\/wp-json\/wp\/v2\/pages\/17\/revisions\/32"}],"wp:attachment":[{"href":"https:\/\/www.vastaranta.net\/himmeli\/wp-json\/wp\/v2\/media?parent=17"}],"curies":[{"name":"wp","href":"https:\/\/api.w.org\/{rel}","templated":true}]}}