{"id":10,"date":"2023-01-11T11:39:12","date_gmt":"2023-01-11T11:39:12","guid":{"rendered":"https:\/\/www.vastaranta.net\/himmeli\/?page_id=10"},"modified":"2023-01-11T11:39:12","modified_gmt":"2023-01-11T11:39:12","slug":"raaka-aineet","status":"publish","type":"page","link":"https:\/\/www.vastaranta.net\/himmeli\/raaka-aineet\/","title":{"rendered":"Raaka-aineet"},"content":{"rendered":"\n<h4 class=\"wp-block-heading\">Olki<\/h4>\n\n\n\n<p>Paras himmelin raaka-aine on suomalainen rukiinonlki. Olki kannattaa korjata juhannuksen ja hein\u00e4kuun lopun v\u00e4lisen\u00e4 aikana, jolloin korsi on viel\u00e4 vihre\u00e4\u00e4, mutta paljon kest\u00e4v\u00e4mp\u00e4\u00e4 kuin normaaliin puintiaikaan korjattu vilja. Oljet on kuivattava sateelta suojaisessa paikassa ja niit\u00e4 on k\u00e4\u00e4nnelt\u00e4v\u00e4 kuivumisen aikana, jotta oljet vaalenevat tasaisesti kullankeltaisiksi.<\/p>\n\n\n\n<p>Askartelukaupoista l\u00f6ytyy nykyisin olkea vaihtelevasti ja laatu ei ole aina sopivaa hienojen himmelien valmistukseen. <\/p>\n\n\n\n<h4 class=\"wp-block-heading\">Olkien k\u00e4sittely<\/h4>\n\n\n\n<p>Kuivia olkia liotetaan pari tuntia l\u00e4mpim\u00e4ss\u00e4 vedess\u00e4, jotta ne ovat helpommat puhdistaa ja leikata. Oljet puhdistetaan poistamalla lehtitupet ja nivelkohdat. Pehme\u00e4 olki leikataan ter\u00e4vill\u00e4 saksilla. T\u00e4rke\u00e4\u00e4 on, ett\u00e4 himmeliin valittavat oljet ovat samanpaksuisia ja leikattu saman pituisiksi parhaan lopputuloksen saavuttamiseksi.<\/p>\n\n\n\n<h4 class=\"wp-block-heading\">Muut tarvikkeet<\/h4>\n\n\n\n<p>Lankana kannattaa k\u00e4ytt\u00e4\u00e4 paksua ompelulankaa. Normaalilla ompelulangalla onnistuu ihan yht\u00e4 hyvin mutta on vain helpommin solmuun menev\u00e4\u00e4. Langan saa pujotettua oljen l\u00e4pi k\u00e4ytt\u00e4m\u00e4ll\u00e4 neulaa, ohuempaa olkea apuna k\u00e4ytt\u00e4en tai varovasti imaisemalla. Solmukohdat pyrit\u00e4\u00e4n saamaan oljen sis\u00e4lle, jottei ik\u00e4vi\u00e4 langanp\u00e4it\u00e4 n\u00e4kyisi valmiissa himmeliss\u00e4. Neulana itse olen suosinut v\u00e4h\u00e4n pidemp\u00e4\u00e4 parsinneulaa, joka ylett\u00e4\u00e4 kerralla oljen l\u00e4pi.<\/p>\n\n\n\n<h4 class=\"wp-block-heading\">Himmeleit\u00e4 muista raaka-aineista<\/h4>\n\n\n\n<p>Muina himmelin materiaalina on my\u00f6s k\u00e4ytetty ruokoa ja isompia tilataideteoshimmeleit\u00e4 on rakennettu mm. pajusta, havuista ja tyhjist\u00e4 juomat\u00f6lkeist\u00e4. Lapsenmieliset valmistavat himmelins\u00e4 v\u00e4rikk\u00e4ist\u00e4 pilleist\u00e4, jolloin se sopii my\u00f6s k\u00e4ytett\u00e4v\u00e4ksi ulkotiloissa ja kutsujen somisteena.<\/p>\n","protected":false},"excerpt":{"rendered":"<p>Olki Paras himmelin raaka-aine on suomalainen rukiinonlki. Olki kannattaa korjata juhannuksen ja hein\u00e4kuun lopun v\u00e4lisen\u00e4 aikana, jolloin korsi on viel\u00e4 vihre\u00e4\u00e4, mutta paljon kest\u00e4v\u00e4mp\u00e4\u00e4 kuin normaaliin puintiaikaan korjattu vilja. Oljet on kuivattava sateelta suojaisessa paikassa ja niit\u00e4 on k\u00e4\u00e4nnelt\u00e4v\u00e4 kuivumisen aikana, jotta oljet vaalenevat tasaisesti kullankeltaisiksi. Askartelukaupoista l\u00f6ytyy nykyisin olkea vaihtelevasti ja laatu ei ole&#8230;<\/p>\n","protected":false},"author":1,"featured_media":0,"parent":0,"menu_order":0,"comment_status":"closed","ping_status":"closed","template":"","meta":{"_kad_post_transparent":"","_kad_post_title":"","_kad_post_layout":"","_kad_post_sidebar_id":"","_kad_post_content_style":"","_kad_post_vertical_padding":"","_kad_post_feature":"","_kad_post_feature_position":"","_kad_post_header":false,"_kad_post_footer":false,"footnotes":""},"class_list":["post-10","page","type-page","status-publish","hentry"],"_links":{"self":[{"href":"https:\/\/www.vastaranta.net\/himmeli\/wp-json\/wp\/v2\/pages\/10","targetHints":{"allow":["GET"]}}],"collection":[{"href":"https:\/\/www.vastaranta.net\/himmeli\/wp-json\/wp\/v2\/pages"}],"about":[{"href":"https:\/\/www.vastaranta.net\/himmeli\/wp-json\/wp\/v2\/types\/page"}],"author":[{"embeddable":true,"href":"https:\/\/www.vastaranta.net\/himmeli\/wp-json\/wp\/v2\/users\/1"}],"replies":[{"embeddable":true,"href":"https:\/\/www.vastaranta.net\/himmeli\/wp-json\/wp\/v2\/comments?post=10"}],"version-history":[{"count":1,"href":"https:\/\/www.vastaranta.net\/himmeli\/wp-json\/wp\/v2\/pages\/10\/revisions"}],"predecessor-version":[{"id":11,"href":"https:\/\/www.vastaranta.net\/himmeli\/wp-json\/wp\/v2\/pages\/10\/revisions\/11"}],"wp:attachment":[{"href":"https:\/\/www.vastaranta.net\/himmeli\/wp-json\/wp\/v2\/media?parent=10"}],"curies":[{"name":"wp","href":"https:\/\/api.w.org\/{rel}","templated":true}]}}